{"id":2054,"date":"2024-08-10T20:53:24","date_gmt":"2024-08-10T20:53:24","guid":{"rendered":"https:\/\/unitedpipersforpeace.com\/?page_id=2054"},"modified":"2025-04-01T17:13:19","modified_gmt":"2025-04-01T17:13:19","slug":"presse-fr","status":"publish","type":"page","link":"https:\/\/unitedpipersforpeace.com\/index.php\/fr\/presse-fr\/","title":{"rendered":"Presse"},"content":{"rendered":"\n<style type=\"text\/css\" data-created_by=\"avia_inline_auto\" id=\"style-css-av-lyjg8qji-bfb69dde2e58d8aab37154c42e4e1cf4\">\n.avia-section.av-lyjg8qji-bfb69dde2e58d8aab37154c42e4e1cf4{\nbackground-color:#bb0020;\nbackground-image:url(https:\/\/unitedpipersforpeace.com\/wp-content\/uploads\/2024\/07\/newspapers-3488857_1920-1500x430.jpg);\nbackground-repeat:no-repeat;\nbackground-position:50% 50%;\nbackground-attachment:scroll;\n}\n.avia-section.av-lyjg8qji-bfb69dde2e58d8aab37154c42e4e1cf4 .av-section-color-overlay{\nopacity:0.4;\nbackground-color:#7bb0e7;\n}\n<\/style>\n<div id='av_section_1'  class='avia-section av-lyjg8qji-bfb69dde2e58d8aab37154c42e4e1cf4 main_color avia-section-default avia-no-border-styling  avia-builder-el-0  el_before_av_section  avia-builder-el-first  avia-full-stretch avia-bg-style-scroll av-section-color-overlay-active av-minimum-height av-minimum-height-custom av-height-custom  container_wrap fullsize'  data-section-bg-repeat='stretch' data-av_minimum_height_px='200'><div class=\"av-section-color-overlay-wrap\"><div class=\"av-section-color-overlay\"><\/div><div class='container av-section-cont-open' style='height:200px'><main  role=\"main\" itemprop=\"mainContentOfPage\"  class='template-page content  av-content-full alpha units'><div class='post-entry post-entry-type-page post-entry-2054'><div class='entry-content-wrapper clearfix'>\n<section  class='av_textblock_section av-lyjgbx92-0396a4e25129256ccb8bb9a65116b46a '   itemscope=\"itemscope\" itemtype=\"https:\/\/schema.org\/CreativeWork\" ><div class='avia_textblock'  itemprop=\"text\" ><h1><\/h1>\n<h1 style=\"text-align: center;\"><span style=\"font-family: lora; font-size: 36pt; color: #154590;\">Informations presse<\/span><\/h1>\n<p style=\"text-align: center;\">\n<\/div><\/section>\n\n<\/div><\/div><\/main><!-- close content main element --><\/div><\/div><\/div><div id='av_section_2'  class='avia-section av-gxnxj-545523d3a056456b92726b98cf9587ae main_color avia-section-default avia-no-border-styling  avia-builder-el-2  el_after_av_section  el_before_av_section  avia-bg-style-scroll container_wrap fullsize'  ><div class='container av-section-cont-open' ><div class='template-page content  av-content-full alpha units'><div class='post-entry post-entry-type-page post-entry-2054'><div class='entry-content-wrapper clearfix'>\n\n<style type=\"text\/css\" data-created_by=\"avia_inline_auto\" id=\"style-css-av-lzbqcr7r-e75dade738ae0fd1ec4bce0959cba8b7\">\n#top .av-special-heading.av-lzbqcr7r-e75dade738ae0fd1ec4bce0959cba8b7{\npadding-bottom:10px;\ncolor:#154590;\n}\nbody .av-special-heading.av-lzbqcr7r-e75dade738ae0fd1ec4bce0959cba8b7 .av-special-heading-tag .heading-char{\nfont-size:25px;\n}\n.av-special-heading.av-lzbqcr7r-e75dade738ae0fd1ec4bce0959cba8b7 .special-heading-inner-border{\nborder-color:#154590;\n}\n.av-special-heading.av-lzbqcr7r-e75dade738ae0fd1ec4bce0959cba8b7 .av-subheading{\nfont-size:15px;\n}\nbody .av-special-heading.av-lzbqcr7r-e75dade738ae0fd1ec4bce0959cba8b7 .av-special-heading-tag .heading-wrap:before{\nborder-color:#154590;\n}\nbody .av-special-heading.av-lzbqcr7r-e75dade738ae0fd1ec4bce0959cba8b7 .av-special-heading-tag .heading-wrap:after{\nborder-color:#154590;\n}\n<\/style>\n<div  class='av-special-heading av-lzbqcr7r-e75dade738ae0fd1ec4bce0959cba8b7 av-special-heading-h3 custom-color-heading blockquote elegant-quote elegant-centered  avia-builder-el-3  avia-builder-el-no-sibling '><h3 class='av-special-heading-tag'  itemprop=\"headline\"  ><span class=\"heading-wrap\">Derniers communiqu\u00e9s de presse United Pipers for Peace 2025<\/span><\/h3><div class=\"special-heading-border\"><div class=\"special-heading-inner-border\"><\/div><\/div><\/div>\n\n<\/div><\/div><\/div><!-- close content main div --><\/div><\/div><div id='av_section_3'  class='avia-section av-axq0f-cc905953a6ef6b53a705c2e806ef7633 main_color avia-section-default avia-no-border-styling  avia-builder-el-4  el_after_av_section  avia-builder-el-last  avia-bg-style-scroll container_wrap fullsize'  ><div class='container av-section-cont-open' ><div class='template-page content  av-content-full alpha units'><div class='post-entry post-entry-type-page post-entry-2054'><div class='entry-content-wrapper clearfix'>\n<section  class='av_textblock_section av-lyjgxfmu-f652400694405da6df2c0becdb918002 '   itemscope=\"itemscope\" itemtype=\"https:\/\/schema.org\/CreativeWork\" ><div class='avia_textblock'  itemprop=\"text\" ><h3><span style=\"font-family: lora;\"><span style=\"font-size: 24px;\">Informations pour la presse<\/span><\/span><\/h3>\n<p><span style=\"font-family: lora; font-size: 14pt;\">Sur cette page, la presse peut t\u00e9l\u00e9charger nos communiqu\u00e9s de presse et photos les plus r\u00e9cents en haute r\u00e9solution. Nous fournissons des communiqu\u00e9s de presse en n\u00e9erlandais et en anglais (voir ci-dessous).<\/span><\/p>\n<p><span style=\"font-family: lora; font-size: 14pt;\">Sur demande, nous pouvons \u00e9galement vous fournir des communiqu\u00e9s de presse en allemand ou en fran\u00e7ais. Veuillez nous <span style=\"color: #0000ff;\"><a style=\"color: #0000ff;\" href=\"https:\/\/unitedpipersforpeace.com\/index.php\/fr\/contact-fr\/\" target=\"_blank\" rel=\"noopener\">contacter<\/a><\/span>.<\/span><\/p>\n<p><span style=\"font-family: lora; font-size: 14pt;\">Si vous souhaitez recevoir des logos en haute r\u00e9solution, veuillez <span style=\"color: #0000ff;\"><a style=\"color: #0000ff;\" href=\"https:\/\/unitedpipersforpeace.com\/index.php\/fr\/contact-fr\/\" target=\"_blank\" rel=\"noopener\">contacter<\/a><\/span> le responsable des communications.<\/span><\/p>\n<h3><span style=\"font-size: 18pt;\"><strong>Communiqu\u00e9s de presse<\/strong><\/span><\/h3>\n<blockquote>\n<ul>\n<li><em>(1 Ao\u00fbt 2024)<\/em> <a href=\"https:\/\/unitedpipersforpeace.com\/wp-content\/uploads\/2025\/04\/Apeldoorn-hosts-United-Pipers-For-Peace-2025.pdf\">Apeldoorn hosts United Pipers For Peace 2025<\/a> (PDF)<\/li>\n<li><em>(30 D\u00e9cembre 2024)<\/em> <a href=\"https:\/\/unitedpipersforpeace.com\/wp-content\/uploads\/2025\/04\/Over-400-pipers-and-drummers-form-largest-pipe-band-in-the-Netherlands.pdf\">Over 400 pipers and drummers form largest pipe band in the Netherlands<\/a> (PDF)<\/li>\n<li><em>(17 Mars 2024)<\/em> <a href=\"https:\/\/unitedpipersforpeace.com\/wp-content\/uploads\/2025\/04\/Ticket-sales-for-Liberation-Concert-Apeldoorn-have-started.pdf\">Ticket sales for Liberation Concert Apeldoorn have started<\/a> (PDF)<\/li>\n<\/ul>\n<\/blockquote>\n<h3><span style=\"font-size: 18pt;\"><strong>Photos<\/strong><\/span><\/h3>\n<p><span style=\"font-family: lora; font-size: 14pt;\">Nos photos haute r\u00e9solution peuvent \u00eatre utilis\u00e9es pour les magazines, les journaux, les blogs et les r\u00e9seaux sociaux. Veuillez nous <span style=\"color: #0000ff;\"><a style=\"color: #0000ff;\" href=\"https:\/\/unitedpipersforpeace.com\/index.php\/fr\/contact-fr\/\" target=\"_blank\" rel=\"noopener\">contacter<\/a><\/span> pour des demandes sp\u00e9ciales.<\/span><\/p>\n<p><span style=\"font-family: lora; font-size: 14pt;\">Merci de cr\u00e9diter les photos comme suit : [Photo : ins\u00e9rer le titre, la date de la photo et le nom du photographe. Copyright United Pipers For Peace]. Exemple : Photo : City of Apeldoorn Pipes and Drums, 22 septembre 2022 par Toni Gribben. Copyright United Pipers For Peace.<\/span><\/p>\n\n\t\t<style type=\"text\/css\">\n\t\t\t#gallery-1 {\n\t\t\t\tmargin: auto;\n\t\t\t}\n\t\t\t#gallery-1 .gallery-item {\n\t\t\t\tfloat: left;\n\t\t\t\tmargin-top: 10px;\n\t\t\t\ttext-align: center;\n\t\t\t\twidth: 25%;\n\t\t\t}\n\t\t\t#gallery-1 img {\n\t\t\t\tborder: 2px solid #cfcfcf;\n\t\t\t}\n\t\t\t#gallery-1 .gallery-caption {\n\t\t\t\tmargin-left: 0;\n\t\t\t}\n\t\t\t\/* see gallery_shortcode() in wp-includes\/media.php *\/\n\t\t<\/style>\n\t\t<div id='gallery-1' class='gallery galleryid-2054 gallery-columns-4 gallery-size-thumbnail'><dl class='gallery-item'>\n\t\t\t<dt class='gallery-icon portrait'>\n\t\t\t\t<a href='https:\/\/unitedpipersforpeace.com\/index.php\/press\/pipe-major-huntly-and-district-pipe-band-22-september-2022-manchester-toni-gribben\/'><img loading=\"lazy\" decoding=\"async\" width=\"80\" height=\"80\" src=\"https:\/\/unitedpipersforpeace.com\/wp-content\/uploads\/2024\/08\/Pipe-Major-Huntly-and-District-Pipe-Band-22-September-2022-Manchester-Toni-Gribben-80x80.jpg\" class=\"attachment-thumbnail size-thumbnail\" alt=\"\" aria-describedby=\"gallery-1-1709\" srcset=\"https:\/\/unitedpipersforpeace.com\/wp-content\/uploads\/2024\/08\/Pipe-Major-Huntly-and-District-Pipe-Band-22-September-2022-Manchester-Toni-Gribben-80x80.jpg 80w, https:\/\/unitedpipersforpeace.com\/wp-content\/uploads\/2024\/08\/Pipe-Major-Huntly-and-District-Pipe-Band-22-September-2022-Manchester-Toni-Gribben-36x36.jpg 36w, https:\/\/unitedpipersforpeace.com\/wp-content\/uploads\/2024\/08\/Pipe-Major-Huntly-and-District-Pipe-Band-22-September-2022-Manchester-Toni-Gribben-180x180.jpg 180w, https:\/\/unitedpipersforpeace.com\/wp-content\/uploads\/2024\/08\/Pipe-Major-Huntly-and-District-Pipe-Band-22-September-2022-Manchester-Toni-Gribben-120x120.jpg 120w, https:\/\/unitedpipersforpeace.com\/wp-content\/uploads\/2024\/08\/Pipe-Major-Huntly-and-District-Pipe-Band-22-September-2022-Manchester-Toni-Gribben-450x450.jpg 450w, https:\/\/unitedpipersforpeace.com\/wp-content\/uploads\/2024\/08\/Pipe-Major-Huntly-and-District-Pipe-Band-22-September-2022-Manchester-Toni-Gribben-300x300.jpg 300w, https:\/\/unitedpipersforpeace.com\/wp-content\/uploads\/2024\/08\/Pipe-Major-Huntly-and-District-Pipe-Band-22-September-2022-Manchester-Toni-Gribben-100x100.jpg 100w\" sizes=\"auto, (max-width: 80px) 100vw, 80px\" \/><\/a>\n\t\t\t<\/dt>\n\t\t\t\t<dd class='wp-caption-text gallery-caption' id='gallery-1-1709'>\n\t\t\t\tPipe Major Huntly and District Pipe Band, 22 September 2022, Manchester, Toni Gribben\n\t\t\t\t<\/dd><\/dl><dl class='gallery-item'>\n\t\t\t<dt class='gallery-icon landscape'>\n\t\t\t\t<a href='https:\/\/unitedpipersforpeace.com\/index.php\/press\/city-of-apeldoorn-pipes-and-drums-22-september-2022-manchester-toni-gribben\/'><img loading=\"lazy\" decoding=\"async\" width=\"80\" height=\"80\" src=\"https:\/\/unitedpipersforpeace.com\/wp-content\/uploads\/2024\/08\/City-of-Apeldoorn-Pipes-and-Drums-22-September-2022-Manchester-Toni-Gribben-80x80.jpg\" class=\"attachment-thumbnail size-thumbnail\" alt=\"\" aria-describedby=\"gallery-1-1708\" srcset=\"https:\/\/unitedpipersforpeace.com\/wp-content\/uploads\/2024\/08\/City-of-Apeldoorn-Pipes-and-Drums-22-September-2022-Manchester-Toni-Gribben-80x80.jpg 80w, https:\/\/unitedpipersforpeace.com\/wp-content\/uploads\/2024\/08\/City-of-Apeldoorn-Pipes-and-Drums-22-September-2022-Manchester-Toni-Gribben-36x36.jpg 36w, https:\/\/unitedpipersforpeace.com\/wp-content\/uploads\/2024\/08\/City-of-Apeldoorn-Pipes-and-Drums-22-September-2022-Manchester-Toni-Gribben-180x180.jpg 180w, https:\/\/unitedpipersforpeace.com\/wp-content\/uploads\/2024\/08\/City-of-Apeldoorn-Pipes-and-Drums-22-September-2022-Manchester-Toni-Gribben-120x120.jpg 120w, https:\/\/unitedpipersforpeace.com\/wp-content\/uploads\/2024\/08\/City-of-Apeldoorn-Pipes-and-Drums-22-September-2022-Manchester-Toni-Gribben-450x450.jpg 450w, https:\/\/unitedpipersforpeace.com\/wp-content\/uploads\/2024\/08\/City-of-Apeldoorn-Pipes-and-Drums-22-September-2022-Manchester-Toni-Gribben-300x300.jpg 300w, https:\/\/unitedpipersforpeace.com\/wp-content\/uploads\/2024\/08\/City-of-Apeldoorn-Pipes-and-Drums-22-September-2022-Manchester-Toni-Gribben-100x100.jpg 100w\" sizes=\"auto, (max-width: 80px) 100vw, 80px\" \/><\/a>\n\t\t\t<\/dt>\n\t\t\t\t<dd class='wp-caption-text gallery-caption' id='gallery-1-1708'>\n\t\t\t\tCity of Apeldoorn Pipes and Drums, 22 September 2022, Manchester, Toni Gribben\n\t\t\t\t<\/dd><\/dl><dl class='gallery-item'>\n\t\t\t<dt class='gallery-icon landscape'>\n\t\t\t\t<a href='https:\/\/unitedpipersforpeace.com\/index.php\/press\/pipers-22-september-2022-manchester-toni-gribben\/'><img loading=\"lazy\" decoding=\"async\" width=\"80\" height=\"80\" src=\"https:\/\/unitedpipersforpeace.com\/wp-content\/uploads\/2024\/08\/Pipers-22-September-2022-Manchester-Toni-Gribben-80x80.jpg\" class=\"attachment-thumbnail size-thumbnail\" alt=\"\" aria-describedby=\"gallery-1-1706\" srcset=\"https:\/\/unitedpipersforpeace.com\/wp-content\/uploads\/2024\/08\/Pipers-22-September-2022-Manchester-Toni-Gribben-80x80.jpg 80w, https:\/\/unitedpipersforpeace.com\/wp-content\/uploads\/2024\/08\/Pipers-22-September-2022-Manchester-Toni-Gribben-36x36.jpg 36w, https:\/\/unitedpipersforpeace.com\/wp-content\/uploads\/2024\/08\/Pipers-22-September-2022-Manchester-Toni-Gribben-180x180.jpg 180w, https:\/\/unitedpipersforpeace.com\/wp-content\/uploads\/2024\/08\/Pipers-22-September-2022-Manchester-Toni-Gribben-120x120.jpg 120w, https:\/\/unitedpipersforpeace.com\/wp-content\/uploads\/2024\/08\/Pipers-22-September-2022-Manchester-Toni-Gribben-450x450.jpg 450w, https:\/\/unitedpipersforpeace.com\/wp-content\/uploads\/2024\/08\/Pipers-22-September-2022-Manchester-Toni-Gribben-300x300.jpg 300w, https:\/\/unitedpipersforpeace.com\/wp-content\/uploads\/2024\/08\/Pipers-22-September-2022-Manchester-Toni-Gribben-100x100.jpg 100w\" sizes=\"auto, (max-width: 80px) 100vw, 80px\" \/><\/a>\n\t\t\t<\/dt>\n\t\t\t\t<dd class='wp-caption-text gallery-caption' id='gallery-1-1706'>\n\t\t\t\tPipers, 22 September 2022, Manchester, Toni Gribben\n\t\t\t\t<\/dd><\/dl><dl class='gallery-item'>\n\t\t\t<dt class='gallery-icon landscape'>\n\t\t\t\t<a href='https:\/\/unitedpipersforpeace.com\/index.php\/press\/group-photo-22-september-2022-manchester-toni-gribben\/'><img loading=\"lazy\" decoding=\"async\" width=\"80\" height=\"80\" src=\"https:\/\/unitedpipersforpeace.com\/wp-content\/uploads\/2024\/08\/Group-Photo-22-September-2022-Manchester-Toni-Gribben-80x80.jpg\" class=\"attachment-thumbnail size-thumbnail\" alt=\"\" aria-describedby=\"gallery-1-1703\" srcset=\"https:\/\/unitedpipersforpeace.com\/wp-content\/uploads\/2024\/08\/Group-Photo-22-September-2022-Manchester-Toni-Gribben-80x80.jpg 80w, https:\/\/unitedpipersforpeace.com\/wp-content\/uploads\/2024\/08\/Group-Photo-22-September-2022-Manchester-Toni-Gribben-36x36.jpg 36w, https:\/\/unitedpipersforpeace.com\/wp-content\/uploads\/2024\/08\/Group-Photo-22-September-2022-Manchester-Toni-Gribben-180x180.jpg 180w, https:\/\/unitedpipersforpeace.com\/wp-content\/uploads\/2024\/08\/Group-Photo-22-September-2022-Manchester-Toni-Gribben-120x120.jpg 120w, https:\/\/unitedpipersforpeace.com\/wp-content\/uploads\/2024\/08\/Group-Photo-22-September-2022-Manchester-Toni-Gribben-450x450.jpg 450w, https:\/\/unitedpipersforpeace.com\/wp-content\/uploads\/2024\/08\/Group-Photo-22-September-2022-Manchester-Toni-Gribben-300x300.jpg 300w, https:\/\/unitedpipersforpeace.com\/wp-content\/uploads\/2024\/08\/Group-Photo-22-September-2022-Manchester-Toni-Gribben-100x100.jpg 100w\" sizes=\"auto, (max-width: 80px) 100vw, 80px\" \/><\/a>\n\t\t\t<\/dt>\n\t\t\t\t<dd class='wp-caption-text gallery-caption' id='gallery-1-1703'>\n\t\t\t\tGroup Photo, 22 September 2022, Manchester, Toni Gribben\n\t\t\t\t<\/dd><\/dl><br style=\"clear: both\" \/>\n\t\t<\/div>\n\n<\/div><\/section>\n\n","protected":false},"excerpt":{"rendered":"","protected":false},"author":3,"featured_media":0,"parent":0,"menu_order":0,"comment_status":"closed","ping_status":"closed","template":"","meta":{"footnotes":""},"class_list":["post-2054","page","type-page","status-publish","hentry"],"yoast_head":"<!-- This site is optimized with the Yoast SEO plugin v25.0 - https:\/\/yoast.com\/wordpress\/plugins\/seo\/ -->\n<title>Presse - United Pipers for Peace<\/title>\n<meta name=\"description\" content=\"This page is mentioned for people from the Press and other news related persons. The latest news updates will be released here.\" \/>\n<meta name=\"robots\" content=\"index, follow, max-snippet:-1, max-image-preview:large, max-video-preview:-1\" \/>\n<link rel=\"canonical\" href=\"https:\/\/unitedpipersforpeace.com\/index.php\/fr\/presse-fr\/\" \/>\n<meta property=\"og:locale\" content=\"nl_NL\" \/>\n<meta property=\"og:type\" content=\"article\" \/>\n<meta property=\"og:title\" content=\"Presse - United Pipers for Peace\" \/>\n<meta property=\"og:description\" content=\"This page is mentioned for people from the Press and other news related persons. The latest news updates will be released here.\" \/>\n<meta property=\"og:url\" content=\"https:\/\/unitedpipersforpeace.com\/index.php\/fr\/presse-fr\/\" \/>\n<meta property=\"og:site_name\" content=\"United Pipers for Peace\" \/>\n<meta property=\"article:publisher\" content=\"https:\/\/facebook.com\/unitedpipersforpeace2025\" \/>\n<meta property=\"article:modified_time\" content=\"2025-04-01T17:13:19+00:00\" \/>\n<meta name=\"twitter:card\" content=\"summary_large_image\" \/>\n<meta name=\"twitter:label1\" content=\"Geschatte leestijd\" \/>\n\t<meta name=\"twitter:data1\" content=\"2 minuten\" \/>\n<script type=\"application\/ld+json\" class=\"yoast-schema-graph\">{\"@context\":\"https:\/\/schema.org\",\"@graph\":[{\"@type\":\"WebPage\",\"@id\":\"https:\/\/unitedpipersforpeace.com\/index.php\/fr\/presse-fr\/\",\"url\":\"https:\/\/unitedpipersforpeace.com\/index.php\/fr\/presse-fr\/\",\"name\":\"Presse - United Pipers for Peace\",\"isPartOf\":{\"@id\":\"https:\/\/unitedpipersforpeace.com\/#website\"},\"datePublished\":\"2024-08-10T20:53:24+00:00\",\"dateModified\":\"2025-04-01T17:13:19+00:00\",\"description\":\"This page is mentioned for people from the Press and other news related persons. The latest news updates will be released here.\",\"breadcrumb\":{\"@id\":\"https:\/\/unitedpipersforpeace.com\/index.php\/fr\/presse-fr\/#breadcrumb\"},\"inLanguage\":\"nl-NL\",\"potentialAction\":[{\"@type\":\"ReadAction\",\"target\":[\"https:\/\/unitedpipersforpeace.com\/index.php\/fr\/presse-fr\/\"]}]},{\"@type\":\"BreadcrumbList\",\"@id\":\"https:\/\/unitedpipersforpeace.com\/index.php\/fr\/presse-fr\/#breadcrumb\",\"itemListElement\":[{\"@type\":\"ListItem\",\"position\":1,\"name\":\"Home\",\"item\":\"https:\/\/unitedpipersforpeace.com\/\"},{\"@type\":\"ListItem\",\"position\":2,\"name\":\"Presse\"}]},{\"@type\":\"WebSite\",\"@id\":\"https:\/\/unitedpipersforpeace.com\/#website\",\"url\":\"https:\/\/unitedpipersforpeace.com\/\",\"name\":\"United Pipers for Peace 2025\",\"description\":\"\",\"publisher\":{\"@id\":\"https:\/\/unitedpipersforpeace.com\/#organization\"},\"potentialAction\":[{\"@type\":\"SearchAction\",\"target\":{\"@type\":\"EntryPoint\",\"urlTemplate\":\"https:\/\/unitedpipersforpeace.com\/?s={search_term_string}\"},\"query-input\":{\"@type\":\"PropertyValueSpecification\",\"valueRequired\":true,\"valueName\":\"search_term_string\"}}],\"inLanguage\":\"nl-NL\"},{\"@type\":\"Organization\",\"@id\":\"https:\/\/unitedpipersforpeace.com\/#organization\",\"name\":\"United Pipers for Peace\",\"url\":\"https:\/\/unitedpipersforpeace.com\/\",\"logo\":{\"@type\":\"ImageObject\",\"inLanguage\":\"nl-NL\",\"@id\":\"https:\/\/unitedpipersforpeace.com\/#\/schema\/logo\/image\/\",\"url\":\"https:\/\/unitedpipersforpeace.com\/wp-content\/uploads\/2024\/05\/Logo-free.png\",\"contentUrl\":\"https:\/\/unitedpipersforpeace.com\/wp-content\/uploads\/2024\/05\/Logo-free.png\",\"width\":1663,\"height\":2212,\"caption\":\"United Pipers for Peace\"},\"image\":{\"@id\":\"https:\/\/unitedpipersforpeace.com\/#\/schema\/logo\/image\/\"},\"sameAs\":[\"https:\/\/facebook.com\/unitedpipersforpeace2025\",\"https:\/\/instagram.com\/unitedpipersforpeace2025\",\"https:\/\/threads.net\/@unitedpipersforpeace2025\",\"https:\/\/linkedin.com\/company\/unitedpipersforpeace2025\",\"https:\/\/youtube.com\/@unitedpipersforpeac2025\"]}]}<\/script>\n<!-- \/ Yoast SEO plugin. -->","yoast_head_json":{"title":"Presse - United Pipers for Peace","description":"This page is mentioned for people from the Press and other news related persons. The latest news updates will be released here.","robots":{"index":"index","follow":"follow","max-snippet":"max-snippet:-1","max-image-preview":"max-image-preview:large","max-video-preview":"max-video-preview:-1"},"canonical":"https:\/\/unitedpipersforpeace.com\/index.php\/fr\/presse-fr\/","og_locale":"nl_NL","og_type":"article","og_title":"Presse - United Pipers for Peace","og_description":"This page is mentioned for people from the Press and other news related persons. The latest news updates will be released here.","og_url":"https:\/\/unitedpipersforpeace.com\/index.php\/fr\/presse-fr\/","og_site_name":"United Pipers for Peace","article_publisher":"https:\/\/facebook.com\/unitedpipersforpeace2025","article_modified_time":"2025-04-01T17:13:19+00:00","twitter_card":"summary_large_image","twitter_misc":{"Geschatte leestijd":"2 minuten"},"schema":{"@context":"https:\/\/schema.org","@graph":[{"@type":"WebPage","@id":"https:\/\/unitedpipersforpeace.com\/index.php\/fr\/presse-fr\/","url":"https:\/\/unitedpipersforpeace.com\/index.php\/fr\/presse-fr\/","name":"Presse - United Pipers for Peace","isPartOf":{"@id":"https:\/\/unitedpipersforpeace.com\/#website"},"datePublished":"2024-08-10T20:53:24+00:00","dateModified":"2025-04-01T17:13:19+00:00","description":"This page is mentioned for people from the Press and other news related persons. The latest news updates will be released here.","breadcrumb":{"@id":"https:\/\/unitedpipersforpeace.com\/index.php\/fr\/presse-fr\/#breadcrumb"},"inLanguage":"nl-NL","potentialAction":[{"@type":"ReadAction","target":["https:\/\/unitedpipersforpeace.com\/index.php\/fr\/presse-fr\/"]}]},{"@type":"BreadcrumbList","@id":"https:\/\/unitedpipersforpeace.com\/index.php\/fr\/presse-fr\/#breadcrumb","itemListElement":[{"@type":"ListItem","position":1,"name":"Home","item":"https:\/\/unitedpipersforpeace.com\/"},{"@type":"ListItem","position":2,"name":"Presse"}]},{"@type":"WebSite","@id":"https:\/\/unitedpipersforpeace.com\/#website","url":"https:\/\/unitedpipersforpeace.com\/","name":"United Pipers for Peace 2025","description":"","publisher":{"@id":"https:\/\/unitedpipersforpeace.com\/#organization"},"potentialAction":[{"@type":"SearchAction","target":{"@type":"EntryPoint","urlTemplate":"https:\/\/unitedpipersforpeace.com\/?s={search_term_string}"},"query-input":{"@type":"PropertyValueSpecification","valueRequired":true,"valueName":"search_term_string"}}],"inLanguage":"nl-NL"},{"@type":"Organization","@id":"https:\/\/unitedpipersforpeace.com\/#organization","name":"United Pipers for Peace","url":"https:\/\/unitedpipersforpeace.com\/","logo":{"@type":"ImageObject","inLanguage":"nl-NL","@id":"https:\/\/unitedpipersforpeace.com\/#\/schema\/logo\/image\/","url":"https:\/\/unitedpipersforpeace.com\/wp-content\/uploads\/2024\/05\/Logo-free.png","contentUrl":"https:\/\/unitedpipersforpeace.com\/wp-content\/uploads\/2024\/05\/Logo-free.png","width":1663,"height":2212,"caption":"United Pipers for Peace"},"image":{"@id":"https:\/\/unitedpipersforpeace.com\/#\/schema\/logo\/image\/"},"sameAs":["https:\/\/facebook.com\/unitedpipersforpeace2025","https:\/\/instagram.com\/unitedpipersforpeace2025","https:\/\/threads.net\/@unitedpipersforpeace2025","https:\/\/linkedin.com\/company\/unitedpipersforpeace2025","https:\/\/youtube.com\/@unitedpipersforpeac2025"]}]}},"_links":{"self":[{"href":"https:\/\/unitedpipersforpeace.com\/index.php\/wp-json\/wp\/v2\/pages\/2054","targetHints":{"allow":["GET"]}}],"collection":[{"href":"https:\/\/unitedpipersforpeace.com\/index.php\/wp-json\/wp\/v2\/pages"}],"about":[{"href":"https:\/\/unitedpipersforpeace.com\/index.php\/wp-json\/wp\/v2\/types\/page"}],"author":[{"embeddable":true,"href":"https:\/\/unitedpipersforpeace.com\/index.php\/wp-json\/wp\/v2\/users\/3"}],"replies":[{"embeddable":true,"href":"https:\/\/unitedpipersforpeace.com\/index.php\/wp-json\/wp\/v2\/comments?post=2054"}],"version-history":[{"count":9,"href":"https:\/\/unitedpipersforpeace.com\/index.php\/wp-json\/wp\/v2\/pages\/2054\/revisions"}],"predecessor-version":[{"id":2645,"href":"https:\/\/unitedpipersforpeace.com\/index.php\/wp-json\/wp\/v2\/pages\/2054\/revisions\/2645"}],"wp:attachment":[{"href":"https:\/\/unitedpipersforpeace.com\/index.php\/wp-json\/wp\/v2\/media?parent=2054"}],"curies":[{"name":"wp","href":"https:\/\/api.w.org\/{rel}","templated":true}]}}